{"id":4929,"date":"2023-05-12T16:32:20","date_gmt":"2023-05-12T19:32:20","guid":{"rendered":"https:\/\/clubedovalor.com.br\/conteudo\/?page_id=4929"},"modified":"2025-09-09T09:42:18","modified_gmt":"2025-09-09T12:42:18","slug":"9-licoes-do-livro-psicologia-financeira","status":"publish","type":"page","link":"https:\/\/clubedovalor.com.br\/conteudo\/9-licoes-do-livro-psicologia-financeira\/","title":{"rendered":"[E-BOOK] 9 Li\u00e7\u00f5es do Livro Psicologia Financeira &#8211; Captura"},"content":{"rendered":"\t\t<div data-elementor-type=\"wp-page\" data-elementor-id=\"4929\" class=\"elementor elementor-4929\" data-elementor-post-type=\"page\">\n\t\t\t\t\t\t<section class=\"elementor-section elementor-top-section elementor-element elementor-element-6c799b7 elementor-section-boxed elementor-section-height-default elementor-section-height-default\" data-id=\"6c799b7\" data-element_type=\"section\" data-e-type=\"section\" data-settings=\"{&quot;background_background&quot;:&quot;classic&quot;}\">\n\t\t\t\t\t\t<div class=\"elementor-container elementor-column-gap-default\">\n\t\t\t\t\t<div class=\"elementor-column elementor-col-100 elementor-top-column elementor-element elementor-element-4da312c6\" data-id=\"4da312c6\" data-element_type=\"column\" data-e-type=\"column\">\n\t\t\t<div class=\"elementor-widget-wrap elementor-element-populated\">\n\t\t\t\t\t\t<section class=\"elementor-section elementor-inner-section elementor-element elementor-element-7fee5b01 elementor-section-boxed elementor-section-height-default elementor-section-height-default\" data-id=\"7fee5b01\" data-element_type=\"section\" data-e-type=\"section\" data-settings=\"{&quot;background_background&quot;:&quot;classic&quot;}\">\n\t\t\t\t\t\t\t<div class=\"elementor-background-overlay\"><\/div>\n\t\t\t\t\t\t\t<div class=\"elementor-container elementor-column-gap-default\">\n\t\t\t\t\t<div class=\"elementor-column elementor-col-50 elementor-inner-column elementor-element elementor-element-fe7f89e\" data-id=\"fe7f89e\" data-element_type=\"column\" data-e-type=\"column\" data-settings=\"{&quot;background_background&quot;:&quot;classic&quot;}\">\n\t\t\t<div class=\"elementor-widget-wrap elementor-element-populated\">\n\t\t\t\t\t\t<div class=\"elementor-element elementor-element-4cbb9d1 elementor-widget elementor-widget-image\" data-id=\"4cbb9d1\" data-element_type=\"widget\" data-e-type=\"widget\" data-widget_type=\"image.default\">\n\t\t\t\t<div class=\"elementor-widget-container\">\n\t\t\t\t\t\t\t\t\t\t\t\t\t\t\t<img fetchpriority=\"high\" decoding=\"async\" width=\"762\" height=\"1024\" src=\"https:\/\/clubedovalor.com.br\/net-content\/uploads\/sites\/20\/2023\/05\/product-box-mockup-1-762x1024.png\" class=\"attachment-large size-large wp-image-4931\" alt=\"\" srcset=\"https:\/\/clubedovalor.com.br\/net-content\/uploads\/sites\/20\/2023\/05\/product-box-mockup-1-762x1024.png 762w, https:\/\/clubedovalor.com.br\/net-content\/uploads\/sites\/20\/2023\/05\/product-box-mockup-1-223x300.png 223w, https:\/\/clubedovalor.com.br\/net-content\/uploads\/sites\/20\/2023\/05\/product-box-mockup-1-768x1032.png 768w, https:\/\/clubedovalor.com.br\/net-content\/uploads\/sites\/20\/2023\/05\/product-box-mockup-1.png 800w\" sizes=\"(max-width: 762px) 100vw, 762px\" \/>\t\t\t\t\t\t\t\t\t\t\t\t\t\t\t<\/div>\n\t\t\t\t<\/div>\n\t\t\t\t<div class=\"elementor-element elementor-element-44e109e elementor-widget elementor-widget-heading\" data-id=\"44e109e\" data-element_type=\"widget\" data-e-type=\"widget\" data-widget_type=\"heading.default\">\n\t\t\t\t<div class=\"elementor-widget-container\">\n\t\t\t\t\t<h2 class=\"elementor-heading-title elementor-size-default\">EBOOK GRATUITO<\/h2>\t\t\t\t<\/div>\n\t\t\t\t<\/div>\n\t\t\t\t<div class=\"elementor-element elementor-element-10897a3 elementor-widget elementor-widget-text-editor\" data-id=\"10897a3\" data-element_type=\"widget\" data-e-type=\"widget\" data-widget_type=\"text-editor.default\">\n\t\t\t\t<div class=\"elementor-widget-container\">\n\t\t\t\t\t\t\t\t\t<p><b>9 LI\u00c7\u00d5ES DO LIVRO &#8216;PSICOLOGIA FINANCEIRA&#8217;<\/b><\/p>\t\t\t\t\t\t\t\t<\/div>\n\t\t\t\t<\/div>\n\t\t\t\t<div class=\"elementor-element elementor-element-6d293df elementor-widget elementor-widget-text-editor\" data-id=\"6d293df\" data-element_type=\"widget\" data-e-type=\"widget\" data-widget_type=\"text-editor.default\">\n\t\t\t\t<div class=\"elementor-widget-container\">\n\t\t\t\t\t\t\t\t\t<p><span style=\"font-weight: 400;\">Descubra as 9 Li\u00e7\u00f5es Mais Valiosas que Aprendi com o Livro &#8216;Psicologia Financeira&#8217;.<\/span><\/p><p><span style=\"font-weight: 400;\">Este eBook \u00e9 uma destila\u00e7\u00e3o do melhor do livro &#8216;Psicologia Financeira&#8217;. Se voc\u00ea est\u00e1 pronto para tomar decis\u00f5es financeiras mais inteligentes e desenvolver um mindset de sucesso, este eBook gratuito \u00e9 para voc\u00ea.<\/span><\/p>\t\t\t\t\t\t\t\t<\/div>\n\t\t\t\t<\/div>\n\t\t\t\t\t<\/div>\n\t\t<\/div>\n\t\t\t\t<div class=\"elementor-column elementor-col-50 elementor-inner-column elementor-element elementor-element-4dc2a6c1\" data-id=\"4dc2a6c1\" data-element_type=\"column\" data-e-type=\"column\" data-settings=\"{&quot;background_background&quot;:&quot;classic&quot;}\">\n\t\t\t<div class=\"elementor-widget-wrap elementor-element-populated\">\n\t\t\t\t\t\t<div class=\"elementor-element elementor-element-94fec42 elementor-widget elementor-widget-image\" data-id=\"94fec42\" data-element_type=\"widget\" data-e-type=\"widget\" data-widget_type=\"image.default\">\n\t\t\t\t<div class=\"elementor-widget-container\">\n\t\t\t\t\t\t\t\t\t\t\t\t\t\t\t<img decoding=\"async\" width=\"437\" height=\"56\" src=\"https:\/\/clubedovalor.com.br\/net-content\/uploads\/sites\/20\/2022\/03\/Frame-4.svg\" class=\"attachment-medium size-medium wp-image-2101\" alt=\"\" \/>\t\t\t\t\t\t\t\t\t\t\t\t\t\t\t<\/div>\n\t\t\t\t<\/div>\n\t\t\t\t<div class=\"elementor-element elementor-element-408e93bf elementor-hidden-desktop elementor-hidden-tablet elementor-hidden-mobile elementor-widget elementor-widget-text-editor\" data-id=\"408e93bf\" data-element_type=\"widget\" data-e-type=\"widget\" data-widget_type=\"text-editor.default\">\n\t\t\t\t<div class=\"elementor-widget-container\">\n\t\t\t\t\t\t\t\t\t<p>Tudo o que voc\u00ea precisa para come\u00e7ar a ganhar dinheiro hoje com investimento em A\u00e7\u00f5es<\/p>\t\t\t\t\t\t\t\t<\/div>\n\t\t\t\t<\/div>\n\t\t\t\t<div class=\"elementor-element elementor-element-70cb48f elementor-button-align-stretch elementor-widget elementor-widget-form\" data-id=\"70cb48f\" data-element_type=\"widget\" data-e-type=\"widget\" data-settings=\"{&quot;step_next_label&quot;:&quot;Pr\\u00f3ximo&quot;,&quot;step_previous_label&quot;:&quot;Anterior&quot;,&quot;button_width&quot;:&quot;100&quot;,&quot;step_type&quot;:&quot;number_text&quot;,&quot;step_icon_shape&quot;:&quot;circle&quot;}\" data-widget_type=\"form.default\">\n\t\t\t\t<div class=\"elementor-widget-container\">\n\t\t\t\t\t\t\t<form class=\"elementor-form\" method=\"post\" id=\"inscrito_9_licoes_psicologia_financeira\" name=\"inscrito-ebook-9-licoes-livro-psicologia-financeira\" aria-label=\"inscrito-ebook-9-licoes-livro-psicologia-financeira\">\n\t\t\t<input type=\"hidden\" name=\"post_id\" value=\"4929\"\/>\n\t\t\t<input type=\"hidden\" name=\"form_id\" value=\"70cb48f\"\/>\n\t\t\t<input type=\"hidden\" name=\"referer_title\" value=\"E-book Gratuito: 9 Li\u00e7\u00f5es do Livro Psicologia Financeira\" \/>\n\n\t\t\t\t\t\t\t<input type=\"hidden\" name=\"queried_id\" value=\"4929\"\/>\n\t\t\t\n\t\t\t<div class=\"elementor-form-fields-wrapper elementor-labels-above\">\n\t\t\t\t\t\t\t\t<div class=\"elementor-field-type-text elementor-field-group elementor-column elementor-field-group-name elementor-col-100 elementor-field-required\">\n\t\t\t\t\t\t\t\t\t\t\t\t<label for=\"form-field-name\" class=\"elementor-field-label\">\n\t\t\t\t\t\t\t\tNome\t\t\t\t\t\t\t<\/label>\n\t\t\t\t\t\t\t\t\t\t\t\t\t\t<input size=\"1\" type=\"text\" name=\"form_fields[name]\" id=\"form-field-name\" class=\"elementor-field elementor-size-sm  elementor-field-textual\" placeholder=\"Nome\" required=\"required\">\n\t\t\t\t\t\t\t\t\t\t\t<\/div>\n\t\t\t\t\t\t\t\t<div class=\"elementor-field-type-email elementor-field-group elementor-column elementor-field-group-email elementor-col-100 elementor-field-required\">\n\t\t\t\t\t\t\t\t\t\t\t\t<label for=\"form-field-email\" class=\"elementor-field-label\">\n\t\t\t\t\t\t\t\tE-mail\t\t\t\t\t\t\t<\/label>\n\t\t\t\t\t\t\t\t\t\t\t\t\t\t<input size=\"1\" type=\"email\" name=\"form_fields[email]\" id=\"form-field-email\" class=\"elementor-field elementor-size-sm  elementor-field-textual\" placeholder=\"E-mail\" required=\"required\">\n\t\t\t\t\t\t\t\t\t\t\t<\/div>\n\t\t\t\t\t\t\t\t<div class=\"elementor-field-type-tel elementor-field-group elementor-column elementor-field-group-phone elementor-col-100 elementor-field-required\">\n\t\t\t\t\t\t\t\t\t\t\t\t<label for=\"form-field-phone\" class=\"elementor-field-label\">\n\t\t\t\t\t\t\t\tDDD + Telefone\t\t\t\t\t\t\t<\/label>\n\t\t\t\t\t\t<input size=\"1\" type=\"tel\" name=\"form_fields[phone]\" id=\"form-field-phone\" class=\"elementor-field elementor-size-sm  elementor-field-textual lib_intlTelInput\" required=\"required\" title=\"Apenas n\u00fameros e caracteres de telefone (#, -, *, etc.) s\u00e3o aceitos.\"><span id=\"valid-msg\" class=\"hide\"><\/span><span id=\"error-msg\" class=\"hide\"><\/span>\t\t\t\t<\/div>\n\t\t\t\t\t\t\t\t<div class=\"elementor-field-type-aportes elementor-field-group elementor-column elementor-field-group-QUANTO_VOCE_CONSEGUE_POUPAR_POR_MES elementor-col-100 elementor-field-required\">\n\t\t\t\t\t\t\t\t\t\t\t\t<label for=\"form-field-QUANTO_VOCE_CONSEGUE_POUPAR_POR_MES\" class=\"elementor-field-label\">\n\t\t\t\t\t\t\t\tQuanto voc\u00ea tem conseguido poupar mensalmente?\t\t\t\t\t\t\t<\/label>\n\t\t\t\t\t\t<div class=\"elementor-field elementor-select-wrapper remove-before\"><div class=\"select-caret-down-wrapper\"><i aria-hidden=\"true\" class=\"eicon-caret-down\"><\/i><\/div><select type=\"aportes\" name=\"form_fields[QUANTO_VOCE_CONSEGUE_POUPAR_POR_MES]\" id=\"form-field-QUANTO_VOCE_CONSEGUE_POUPAR_POR_MES\" class=\"elementor-field elementor-size-sm  elementor-field-textual elementor-field elementor-size-sm\" required=\"required required\" aria-required=\"true\"><option value=\"\">Selecione...<\/option><option value=\"At\u00e9 R$500\">At\u00e9 R$500<\/option><option value=\"entre R$500 e R$1000\">entre R$500 e R$1000<\/option><option value=\"entre R$1.000 e R$2.500\">entre R$1.000 e R$2.500<\/option><option value=\"entre R$2.500 e R$5.000\">entre R$2.500 e R$5.000<\/option><option value=\"entre R$5.000 e R$10.000\">entre R$5.000 e R$10.000<\/option><option value=\"entre R$10.000 e R$20.000\">entre R$10.000 e R$20.000<\/option><option value=\"acima de R$20.000\">acima de R$20.000<\/option><\/select><\/div>\t\t\t\t<\/div>\n\t\t\t\t\t\t\t\t<div class=\"elementor-field-type-patrimonio_investido elementor-field-group elementor-column elementor-field-group-PATRIMONIO_INVESTIDO elementor-col-100 elementor-field-required\">\n\t\t\t\t\t\t\t\t\t\t\t\t<label for=\"form-field-PATRIMONIO_INVESTIDO\" class=\"elementor-field-label\">\n\t\t\t\t\t\t\t\tValor dispon\u00edvel para investir\t\t\t\t\t\t\t<\/label>\n\t\t\t\t\t\t<div class=\"elementor-field elementor-select-wrapper remove-before\"><div class=\"select-caret-down-wrapper\"><i aria-hidden=\"true\" class=\"eicon-caret-down\"><\/i><\/div><select type=\"patrimonio_investido\" name=\"form_fields[PATRIMONIO_INVESTIDO]\" id=\"form-field-PATRIMONIO_INVESTIDO\" class=\"elementor-field elementor-size-sm  elementor-field-textual elementor-field elementor-size-sm\" required=\"required required\" aria-required=\"true\"><option value=\"\">Selecione...<\/option><option value=\"Menos de R$100 mil\">Menos de R$100 mil<\/option><option value=\"Entre R$100 a R$250 mil\">Entre R$100 a R$250 mil<\/option><option value=\"Entre R$250 a R$500 mil\">Entre R$250 a R$500 mil<\/option><option value=\"Entre R$500 mil a R$1 milh\u00e3o\">Entre R$500 mil a R$1 milh\u00e3o<\/option><option value=\"Entre R$1 a R$5 milh\u00f5es\">Entre R$1 a R$5 milh\u00f5es<\/option><option value=\"Entre R$5 a R$10 milh\u00f5es\">Entre R$5 a R$10 milh\u00f5es<\/option><option value=\"Acima de R$10 milh\u00f5es\">Acima de R$10 milh\u00f5es<\/option><\/select><\/div>\t\t\t\t<\/div>\n\t\t\t\t\t\t\t\t<div class=\"elementor-field-type-select elementor-field-group elementor-column elementor-field-group-ATIVIDADE_PROFISSIONAL elementor-col-100 elementor-field-required\">\n\t\t\t\t\t\t\t\t\t\t\t\t<label for=\"form-field-ATIVIDADE_PROFISSIONAL\" class=\"elementor-field-label\">\n\t\t\t\t\t\t\t\tSua Atua\u00e7\u00e3o Profissional\t\t\t\t\t\t\t<\/label>\n\t\t\t\t\t\t\t\t<div class=\"elementor-field elementor-select-wrapper remove-before \">\n\t\t\t<div class=\"select-caret-down-wrapper\">\n\t\t\t\t<i aria-hidden=\"true\" class=\"eicon-caret-down\"><\/i>\t\t\t<\/div>\n\t\t\t<select name=\"form_fields[ATIVIDADE_PROFISSIONAL]\" id=\"form-field-ATIVIDADE_PROFISSIONAL\" class=\"elementor-field-textual elementor-size-sm\" required=\"required\">\n\t\t\t\t\t\t\t\t\t<option value=\"\">Selecione...<\/option>\n\t\t\t\t\t\t\t\t\t<option value=\"Empres\u00e1rio\">Empres\u00e1rio<\/option>\n\t\t\t\t\t\t\t\t\t<option value=\"Profissional liberal (m\u00e9dico, engenheiro, advogado, etc)\">Profissional liberal (m\u00e9dico, engenheiro, advogado, etc)<\/option>\n\t\t\t\t\t\t\t\t\t<option value=\"Sou funcion\u00e1rio de uma organiza\u00e7\u00e3o\">Sou funcion\u00e1rio de uma organiza\u00e7\u00e3o<\/option>\n\t\t\t\t\t\t\t\t\t<option value=\"Outro\">Outro<\/option>\n\t\t\t\t\t\t\t<\/select>\n\t\t<\/div>\n\t\t\t\t\t\t<\/div>\n\t\t\t\t\t\t\t\t<div class=\"elementor-field-type-hidden elementor-field-group elementor-column elementor-field-group-tag elementor-col-100\">\n\t\t\t\t\t\t\t\t\t\t\t\t\t<input size=\"1\" type=\"hidden\" name=\"form_fields[tag]\" id=\"form-field-tag\" class=\"elementor-field elementor-size-sm  elementor-field-textual\" value=\"inscrito-ebook-9-licoes-livro-psicologia-financeira\">\n\t\t\t\t\t\t\t\t\t\t\t<\/div>\n\t\t\t\t\t\t\t\t<div class=\"elementor-field-type-acceptance elementor-field-group elementor-column elementor-field-group-ACEITOU_POLTICA_DE_PRIVACIDADE elementor-col-100\">\n\t\t\t\t\t\t\t<div class=\"elementor-field-subgroup\">\n\t\t\t<span class=\"elementor-field-option\">\n\t\t\t\t<input type=\"checkbox\" name=\"form_fields[ACEITOU_POLTICA_DE_PRIVACIDADE]\" id=\"form-field-ACEITOU_POLTICA_DE_PRIVACIDADE\" class=\"elementor-field elementor-size-sm  elementor-acceptance-field\">\n\t\t\t\t<label for=\"form-field-ACEITOU_POLTICA_DE_PRIVACIDADE\">Concordo em receber comunica\u00e7\u00f5es do Clube do Valor e estou ciente e concordo com o Termo de Consentimentos para In\u00edcio de Relacionamento.<\/label>\t\t\t<\/span>\n\t\t<\/div>\n\t\t\t\t\t\t<\/div>\n\t\t\t\t\t\t\t\t<div class=\"elementor-field-type-hidden elementor-field-group elementor-column elementor-field-group-APLICACAO elementor-col-100\">\n\t\t\t\t\t\t\t\t\t\t\t\t\t<input size=\"1\" type=\"hidden\" name=\"form_fields[APLICACAO]\" id=\"form-field-APLICACAO\" class=\"elementor-field elementor-size-sm  elementor-field-textual\" value=\"beta\">\n\t\t\t\t\t\t\t\t\t\t\t<\/div>\n\t\t\t\t\t\t\t\t<div class=\"elementor-field-group elementor-column elementor-field-type-submit elementor-col-100 e-form__buttons\">\n\t\t\t\t\t<button class=\"elementor-button elementor-size-lg\" type=\"submit\">\n\t\t\t\t\t\t<span class=\"elementor-button-content-wrapper\">\n\t\t\t\t\t\t\t\t\t\t\t\t\t\t\t\t\t\t\t\t\t\t<span class=\"elementor-button-text\">BAIXAR MATERIAL GRATUITO<\/span>\n\t\t\t\t\t\t\t\t\t\t\t\t\t<\/span>\n\t\t\t\t\t<\/button>\n\t\t\t\t<\/div>\n\t\t\t<\/div>\n\t\t<\/form>\n\t\t\t\t\t\t<\/div>\n\t\t\t\t<\/div>\n\t\t\t\t<div class=\"elementor-element elementor-element-5c43f471 elementor-widget elementor-widget-text-editor\" data-id=\"5c43f471\" data-element_type=\"widget\" data-e-type=\"widget\" data-widget_type=\"text-editor.default\">\n\t\t\t\t<div class=\"elementor-widget-container\">\n\t\t\t\t\t\t\t\t\t<p><span style=\"font-weight: 400;\">Usamos cookies para melhorar a sua experi\u00eancia em nossos servi\u00e7os. Ao navegar em\u00a0 nosso site, voc\u00ea concorda com tais condi\u00e7\u00f5es. Para mais informa\u00e7\u00f5es, visite nossa <\/span><a href=\"https:\/\/clubedovalor.com.br\/politica-de-privacidade\/\"><span style=\"font-weight: 400;\">Pol\u00edtica de Privacidade<\/span><\/a><span style=\"font-weight: 400;\">.<\/span><\/p><p><span style=\"font-weight: 400;\">Ao continuar e clicar no bot\u00e3o, concordo em receber comunica\u00e7\u00f5es do Clube do Valor e estou ciente e concordo com o Termo de <\/span><a href=\"https:\/\/clubedovalor.com.br\/termo-de-consentimento\/\"><span style=\"font-weight: 400;\">Consentimento para In\u00edcio de Relacionamento<\/span><\/a><span style=\"font-weight: 400;\">.<\/span><\/p>\t\t\t\t\t\t\t\t<\/div>\n\t\t\t\t<\/div>\n\t\t\t\t\t<\/div>\n\t\t<\/div>\n\t\t\t\t\t<\/div>\n\t\t<\/section>\n\t\t\t\t<section class=\"elementor-section elementor-inner-section elementor-element elementor-element-6510940f elementor-section-boxed elementor-section-height-default elementor-section-height-default\" data-id=\"6510940f\" data-element_type=\"section\" data-e-type=\"section\">\n\t\t\t\t\t\t<div class=\"elementor-container elementor-column-gap-default\">\n\t\t\t\t\t<div class=\"elementor-column elementor-col-50 elementor-inner-column elementor-element elementor-element-2cb74ffd\" data-id=\"2cb74ffd\" data-element_type=\"column\" data-e-type=\"column\">\n\t\t\t<div class=\"elementor-widget-wrap elementor-element-populated\">\n\t\t\t\t\t\t<div class=\"elementor-element elementor-element-672aa2e0 elementor-widget elementor-widget-text-editor\" data-id=\"672aa2e0\" data-element_type=\"widget\" data-e-type=\"widget\" data-widget_type=\"text-editor.default\">\n\t\t\t\t<div class=\"elementor-widget-container\">\n\t\t\t\t\t\t\t\t\t<p>Conhece algu\u00e9m que tamb\u00e9m vai se interessar por este conte\u00fado?<br \/>Compartilhe agora!<\/p>\t\t\t\t\t\t\t\t<\/div>\n\t\t\t\t<\/div>\n\t\t\t\t\t<\/div>\n\t\t<\/div>\n\t\t\t\t<div class=\"elementor-column elementor-col-50 elementor-inner-column elementor-element elementor-element-1be1fcde\" data-id=\"1be1fcde\" data-element_type=\"column\" data-e-type=\"column\">\n\t\t\t<div class=\"elementor-widget-wrap elementor-element-populated\">\n\t\t\t\t\t\t<div class=\"elementor-element elementor-element-58260b9f elementor-shape-circle e-grid-align-left e-grid-align-mobile-center elementor-grid-0 elementor-widget elementor-widget-social-icons\" data-id=\"58260b9f\" data-element_type=\"widget\" data-e-type=\"widget\" data-widget_type=\"social-icons.default\">\n\t\t\t\t<div class=\"elementor-widget-container\">\n\t\t\t\t\t\t\t<div class=\"elementor-social-icons-wrapper elementor-grid\" role=\"list\">\n\t\t\t\t\t\t\t<span class=\"elementor-grid-item\" role=\"listitem\">\n\t\t\t\t\t<a class=\"elementor-icon elementor-social-icon elementor-social-icon-whatsapp elementor-repeater-item-0f77e43\" href=\"https:\/\/web.whatsapp.com\/send?text=Encontrei+esse+livro+gratuito+e+queria+compartilhar+com+voc%C3%AA%3A+https%3A%2F%2Fclubedovalor.com.br%2Fconteudo%2Febook-guia-completo-de-acoes%2Fmkt%2Febk%3Futm_source%3Dmaterial-gratuito%26utm_medium%3Dp2-share%26utm_campaign%3Dcdv-geracao-leads%26utm_content%3Dbotao-compartilhar-pagina\" target=\"_blank\">\n\t\t\t\t\t\t<span class=\"elementor-screen-only\">Whatsapp<\/span>\n\t\t\t\t\t\t<i aria-hidden=\"true\" class=\"fab fa-whatsapp\"><\/i>\t\t\t\t\t<\/a>\n\t\t\t\t<\/span>\n\t\t\t\t\t\t\t<span class=\"elementor-grid-item\" role=\"listitem\">\n\t\t\t\t\t<a class=\"elementor-icon elementor-social-icon elementor-social-icon-telegram elementor-repeater-item-508764a\" href=\"https:\/\/t.me\/share\/url?url=https:\/\/clubedovalor.com.br\/conteudo\/ebook-guia-completo-de-acoes\/mkt\/ebk?utm_source=material-gratuito&#038;utm_medium=p2-share&#038;utm_campaign=cdv-geracao-leads&#038;utm_content=botao-compartilhar-pagina&#038;text=Encontrei+esse+livro+gratuito+e+queria+compartilhar+com+voc%C3%AA%3A\" target=\"_blank\">\n\t\t\t\t\t\t<span class=\"elementor-screen-only\">Telegram<\/span>\n\t\t\t\t\t\t<i aria-hidden=\"true\" class=\"fab fa-telegram\"><\/i>\t\t\t\t\t<\/a>\n\t\t\t\t<\/span>\n\t\t\t\t\t\t\t<span class=\"elementor-grid-item\" role=\"listitem\">\n\t\t\t\t\t<a class=\"elementor-icon elementor-social-icon elementor-social-icon- elementor-repeater-item-7220caa\" href=\"http:\/\/www.twitter.com\/share?url=https:\/\/clubedovalor.com.br\/conteudo\/ebook-guia-completo-de-acoes\/mkt\/ebk?utm_source=material-gratuito&#038;utm_medium=p2-share&#038;utm_campaign=cdv-geracao-leads&#038;utm_content=botao-compartilhar-pagina\" target=\"_blank\">\n\t\t\t\t\t\t<span class=\"elementor-screen-only\"><\/span>\n\t\t\t\t\t\t<svg xmlns=\"http:\/\/www.w3.org\/2000\/svg\" width=\"40\" height=\"40\" viewBox=\"0 0 40 40\" fill=\"none\"><path fill-rule=\"evenodd\" clip-rule=\"evenodd\" d=\"M20 0C8.9543 0 0 8.9543 0 20C0 31.0457 8.9543 40 20 40C31.0457 40 40 31.0457 40 20C40 8.9543 31.0457 0 20 0ZM19.443 16.9483L19.401 16.2563C19.2751 14.4626 20.3803 12.8243 22.129 12.1887C22.7725 11.9627 23.8637 11.9345 24.5771 12.1322C24.8569 12.217 25.3885 12.4994 25.7663 12.7537L26.4518 13.2197L27.2072 12.9796C27.6269 12.8525 28.1865 12.6407 28.4383 12.4994C28.6761 12.3723 28.8859 12.3017 28.8859 12.3441C28.8859 12.5842 28.3683 13.4033 27.9346 13.8553C27.3471 14.4908 27.515 14.5473 28.7041 14.1236C29.4175 13.8835 29.4315 13.8835 29.2916 14.1519C29.2077 14.2931 28.774 14.7874 28.3124 15.2394C27.5289 16.0162 27.487 16.1009 27.487 16.7506C27.487 17.7533 27.0113 19.8436 26.5357 20.9876C25.6543 23.1343 23.7658 25.3517 21.8772 26.4674C19.2191 28.0351 15.6798 28.4306 12.7 27.5126C11.7067 27.2019 10 26.411 10 26.2697C10 26.2274 10.5176 26.1709 11.1471 26.1567C12.4622 26.1285 13.7772 25.7613 14.8964 25.1116L15.6518 24.6597L14.7844 24.3631C13.5534 23.9394 12.4482 22.9649 12.1684 22.0468C12.0844 21.7502 12.1124 21.7361 12.8958 21.7361L13.7072 21.722L13.0218 21.3972C12.2104 20.9876 11.4689 20.2955 11.1052 19.5894C10.8394 19.0809 10.5036 17.7957 10.6016 17.6968C10.6295 17.6545 10.9233 17.7392 11.2591 17.8522C12.2243 18.2053 12.3503 18.1205 11.7907 17.5274C10.7414 16.454 10.4197 14.858 10.9233 13.3468L11.1611 12.6689L12.0844 13.5869C13.973 15.4371 16.1974 16.5387 18.7435 16.8636L19.443 16.9483Z\" fill=\"#C4C4C4\"><\/path><\/svg>\t\t\t\t\t<\/a>\n\t\t\t\t<\/span>\n\t\t\t\t\t\t\t<span class=\"elementor-grid-item\" role=\"listitem\">\n\t\t\t\t\t<a class=\"elementor-icon elementor-social-icon elementor-social-icon- elementor-repeater-item-55b2dea\" href=\"https:\/\/www.linkedin.com\/sharing\/share-offsite\/?url=https:\/\/clubedovalor.com.br\/conteudo\/ebook-guia-completo-de-acoes\/mkt\/ebk?utm_source=material-gratuito&#038;utm_medium=p2-share&#038;utm_campaign=cdv-geracao-leads&#038;utm_content=botao-compartilhar-pagina\" target=\"_blank\">\n\t\t\t\t\t\t<span class=\"elementor-screen-only\"><\/span>\n\t\t\t\t\t\t<svg xmlns=\"http:\/\/www.w3.org\/2000\/svg\" width=\"40\" height=\"40\" viewBox=\"0 0 40 40\" fill=\"none\"><path fill-rule=\"evenodd\" clip-rule=\"evenodd\" d=\"M20 0C8.9543 0 0 8.9543 0 20C0 31.0457 8.9543 40 20 40C31.0457 40 40 31.0457 40 20C40 8.9543 31.0457 0 20 0ZM9.60135 16.5649H14.1338V30.183H9.60135V16.5649ZM14.4323 12.3522C14.4029 11.017 13.448 10 11.8975 10C10.347 10 9.33333 11.017 9.33333 12.3522C9.33333 13.6598 10.317 14.7061 11.8387 14.7061H11.8677C13.448 14.7061 14.4323 13.6598 14.4323 12.3522ZM25.2609 16.2451C28.2435 16.2451 30.4795 18.1919 30.4795 22.3748L30.4793 30.183H25.9471V22.8973C25.9471 21.0673 25.2912 19.8185 23.6504 19.8185C22.3982 19.8185 21.6524 20.6604 21.3248 21.4735C21.205 21.7649 21.1756 22.1709 21.1756 22.5779V30.1833H16.6426C16.6426 30.1833 16.7023 17.8431 16.6426 16.5652H21.1756V18.4941C21.7771 17.5669 22.8545 16.2451 25.2609 16.2451Z\" fill=\"#C4C4C4\"><\/path><\/svg>\t\t\t\t\t<\/a>\n\t\t\t\t<\/span>\n\t\t\t\t\t\t\t<span class=\"elementor-grid-item\" role=\"listitem\">\n\t\t\t\t\t<a class=\"elementor-icon elementor-social-icon elementor-social-icon- elementor-repeater-item-d0918f5\" href=\"https:\/\/www.facebook.com\/sharer\/sharer.php?u=https:\/\/clubedovalor.com.br\/conteudo\/ebook-guia-completo-de-acoes\/mkt\/ebk?utm_source=material-gratuito&#038;utm_medium=p2-share&#038;utm_campaign=cdv-geracao-leads&#038;utm_content=botao-compartilhar-pagina\" target=\"_blank\">\n\t\t\t\t\t\t<span class=\"elementor-screen-only\"><\/span>\n\t\t\t\t\t\t<svg xmlns=\"http:\/\/www.w3.org\/2000\/svg\" width=\"40\" height=\"40\" viewBox=\"0 0 40 40\" fill=\"none\"><path fill-rule=\"evenodd\" clip-rule=\"evenodd\" d=\"M20 0C8.9543 0 0 8.9543 0 20C0 31.0457 8.9543 40 20 40C31.0457 40 40 31.0457 40 20C40 8.9543 31.0457 0 20 0ZM22.0846 20.8785V31.7596H17.5826V20.8789H15.3333V17.1293H17.5826V14.878C17.5826 11.819 18.8526 10 22.461 10H25.4651V13.7501H23.5873C22.1827 13.7501 22.0897 14.2741 22.0897 15.2521L22.0846 17.1288H25.4863L25.0883 20.8785H22.0846Z\" fill=\"#C4C4C4\"><\/path><\/svg>\t\t\t\t\t<\/a>\n\t\t\t\t<\/span>\n\t\t\t\t\t<\/div>\n\t\t\t\t\t\t<\/div>\n\t\t\t\t<\/div>\n\t\t\t\t\t<\/div>\n\t\t<\/div>\n\t\t\t\t\t<\/div>\n\t\t<\/section>\n\t\t\t\t\t<\/div>\n\t\t<\/div>\n\t\t\t\t\t<\/div>\n\t\t<\/section>\n\t\t\t\t<\/div>\n\t\t","protected":false},"excerpt":{"rendered":"<p>EBOOK GRATUITO 9 LI\u00c7\u00d5ES DO LIVRO &#8216;PSICOLOGIA FINANCEIRA&#8217; Descubra as 9 Li\u00e7\u00f5es Mais Valiosas que Aprendi com o Livro &#8216;Psicologia Financeira&#8217;. Este eBook \u00e9 uma destila\u00e7\u00e3o do melhor do livro &#8216;Psicologia Financeira&#8217;. Se voc\u00ea est\u00e1 pronto para tomar decis\u00f5es financeiras mais inteligentes e desenvolver um mindset de sucesso, este eBook gratuito \u00e9 para voc\u00ea. Tudo [&hellip;]<\/p>\n","protected":false},"author":70,"featured_media":0,"parent":0,"menu_order":0,"comment_status":"closed","ping_status":"closed","template":"","meta":{"_acf_changed":false,"footnotes":""},"class_list":["post-4929","page","type-page","status-publish","hentry"],"acf":[],"_links":{"self":[{"href":"https:\/\/clubedovalor.com.br\/conteudo\/wp-json\/wp\/v2\/pages\/4929","targetHints":{"allow":["GET"]}}],"collection":[{"href":"https:\/\/clubedovalor.com.br\/conteudo\/wp-json\/wp\/v2\/pages"}],"about":[{"href":"https:\/\/clubedovalor.com.br\/conteudo\/wp-json\/wp\/v2\/types\/page"}],"author":[{"embeddable":true,"href":"https:\/\/clubedovalor.com.br\/conteudo\/wp-json\/wp\/v2\/users\/70"}],"replies":[{"embeddable":true,"href":"https:\/\/clubedovalor.com.br\/conteudo\/wp-json\/wp\/v2\/comments?post=4929"}],"version-history":[{"count":15,"href":"https:\/\/clubedovalor.com.br\/conteudo\/wp-json\/wp\/v2\/pages\/4929\/revisions"}],"predecessor-version":[{"id":10925,"href":"https:\/\/clubedovalor.com.br\/conteudo\/wp-json\/wp\/v2\/pages\/4929\/revisions\/10925"}],"wp:attachment":[{"href":"https:\/\/clubedovalor.com.br\/conteudo\/wp-json\/wp\/v2\/media?parent=4929"}],"curies":[{"name":"wp","href":"https:\/\/api.w.org\/{rel}","templated":true}]}}