{"id":2101,"date":"2022-03-10T18:45:59","date_gmt":"2022-03-10T21:45:59","guid":{"rendered":"https:\/\/clubedovalor.com.br\/ir\/?page_id=2101"},"modified":"2026-04-29T11:11:46","modified_gmt":"2026-04-29T14:11:46","slug":"login-1","status":"publish","type":"page","link":"https:\/\/clubedovalor.com.br\/ir\/login-1\/","title":{"rendered":"Login M\u00f3dulo 1"},"content":{"rendered":"\t\t<div data-elementor-type=\"wp-page\" data-elementor-id=\"2101\" class=\"elementor elementor-2101\" data-elementor-post-type=\"page\">\n\t\t\t\t\t\t<section class=\"elementor-section elementor-top-section elementor-element elementor-element-d661019 elementor-section-boxed elementor-section-height-default elementor-section-height-default\" data-id=\"d661019\" data-element_type=\"section\" data-e-type=\"section\">\n\t\t\t\t\t\t<div class=\"elementor-container elementor-column-gap-default\">\n\t\t\t\t\t<div class=\"elementor-column elementor-col-100 elementor-top-column elementor-element elementor-element-27c1882\" data-id=\"27c1882\" data-element_type=\"column\" data-e-type=\"column\">\n\t\t\t<div class=\"elementor-widget-wrap elementor-element-populated\">\n\t\t\t\t\t\t<div class=\"elementor-element elementor-element-dd2f0a5 elementor-widget__width-initial elementor-widget-mobile__width-initial elementor-widget elementor-widget-image\" data-id=\"dd2f0a5\" data-element_type=\"widget\" data-e-type=\"widget\" data-widget_type=\"image.default\">\n\t\t\t\t<div class=\"elementor-widget-container\">\n\t\t\t\t\t\t\t\t\t\t\t\t\t\t\t<img fetchpriority=\"high\" decoding=\"async\" width=\"1000\" height=\"1920\" src=\"https:\/\/clubedovalor.com.br\/net-content\/uploads\/sites\/37\/2026\/04\/Design-sem-nome-22.png\" class=\"attachment-full size-full wp-image-2869\" alt=\"\" srcset=\"https:\/\/clubedovalor.com.br\/net-content\/uploads\/sites\/37\/2026\/04\/Design-sem-nome-22.png 1000w, https:\/\/clubedovalor.com.br\/net-content\/uploads\/sites\/37\/2026\/04\/Design-sem-nome-22-156x300.png 156w, https:\/\/clubedovalor.com.br\/net-content\/uploads\/sites\/37\/2026\/04\/Design-sem-nome-22-533x1024.png 533w, https:\/\/clubedovalor.com.br\/net-content\/uploads\/sites\/37\/2026\/04\/Design-sem-nome-22-768x1475.png 768w, https:\/\/clubedovalor.com.br\/net-content\/uploads\/sites\/37\/2026\/04\/Design-sem-nome-22-800x1536.png 800w\" sizes=\"(max-width: 1000px) 100vw, 1000px\" \/>\t\t\t\t\t\t\t\t\t\t\t\t\t\t\t<\/div>\n\t\t\t\t<\/div>\n\t\t\t\t<div class=\"elementor-element elementor-element-361c117 elementor-widget__width-initial elementor-widget-mobile__width-initial elementor-widget elementor-widget-image\" data-id=\"361c117\" data-element_type=\"widget\" data-e-type=\"widget\" data-widget_type=\"image.default\">\n\t\t\t\t<div class=\"elementor-widget-container\">\n\t\t\t\t\t\t\t\t\t\t\t\t\t\t\t<img decoding=\"async\" width=\"1440\" height=\"730\" src=\"https:\/\/clubedovalor.com.br\/net-content\/uploads\/sites\/37\/2026\/04\/3.png\" class=\"attachment-2048x2048 size-2048x2048 wp-image-2861\" alt=\"\" srcset=\"https:\/\/clubedovalor.com.br\/net-content\/uploads\/sites\/37\/2026\/04\/3.png 1440w, https:\/\/clubedovalor.com.br\/net-content\/uploads\/sites\/37\/2026\/04\/3-300x152.png 300w, https:\/\/clubedovalor.com.br\/net-content\/uploads\/sites\/37\/2026\/04\/3-1024x519.png 1024w, https:\/\/clubedovalor.com.br\/net-content\/uploads\/sites\/37\/2026\/04\/3-768x389.png 768w\" sizes=\"(max-width: 1440px) 100vw, 1440px\" \/>\t\t\t\t\t\t\t\t\t\t\t\t\t\t\t<\/div>\n\t\t\t\t<\/div>\n\t\t\t\t<div class=\"elementor-element elementor-element-bfd9708 elementor-widget elementor-widget-heading\" data-id=\"bfd9708\" data-element_type=\"widget\" data-e-type=\"widget\" data-widget_type=\"heading.default\">\n\t\t\t\t<div class=\"elementor-widget-container\">\n\t\t\t\t\t<h2 class=\"elementor-heading-title elementor-size-default\">PLATAFORMA EXCLUSIVA<\/h2>\t\t\t\t<\/div>\n\t\t\t\t<\/div>\n\t\t\t\t<div class=\"elementor-element elementor-element-25c3ae3 elementor-widget__width-initial elementor-widget-divider--view-line elementor-widget elementor-widget-divider\" data-id=\"25c3ae3\" data-element_type=\"widget\" data-e-type=\"widget\" data-widget_type=\"divider.default\">\n\t\t\t\t<div class=\"elementor-widget-container\">\n\t\t\t\t\t\t\t<div class=\"elementor-divider\">\n\t\t\t<span class=\"elementor-divider-separator\">\n\t\t\t\t\t\t<\/span>\n\t\t<\/div>\n\t\t\t\t\t\t<\/div>\n\t\t\t\t<\/div>\n\t\t\t\t<div class=\"elementor-element elementor-element-9e69d01 elementor-widget__width-initial elementor-widget-mobile__width-initial elementor-widget elementor-widget-text-editor\" data-id=\"9e69d01\" data-element_type=\"widget\" data-e-type=\"widget\" data-widget_type=\"text-editor.default\">\n\t\t\t\t<div class=\"elementor-widget-container\">\n\t\t\t\t\t\t\t\t\t<p>Insira nos campos abaixo seu Nome e E-mail para entrar na plataforma exclusiva e conseguir ter acesso\u00a0\u00e0s aulas do Voc\u00ea Declara, o Le\u00e3o Acalma<\/p>\t\t\t\t\t\t\t\t<\/div>\n\t\t\t\t<\/div>\n\t\t\t\t\t<\/div>\n\t\t<\/div>\n\t\t\t\t\t<\/div>\n\t\t<\/section>\n\t\t\t\t<section class=\"elementor-section elementor-top-section elementor-element elementor-element-678b986 elementor-section-boxed elementor-section-height-default elementor-section-height-default\" data-id=\"678b986\" data-element_type=\"section\" data-e-type=\"section\">\n\t\t\t\t\t\t<div class=\"elementor-container elementor-column-gap-default\">\n\t\t\t\t\t<div class=\"elementor-column elementor-col-100 elementor-top-column elementor-element elementor-element-6e0ac6d\" data-id=\"6e0ac6d\" data-element_type=\"column\" data-e-type=\"column\">\n\t\t\t<div class=\"elementor-widget-wrap elementor-element-populated\">\n\t\t\t\t\t\t<div class=\"cdv-form elementor-element elementor-element-25f3a5f elementor-button-align-stretch elementor-widget elementor-widget-form\" data-id=\"25f3a5f\" data-element_type=\"widget\" data-e-type=\"widget\" data-settings=\"{&quot;step_next_label&quot;:&quot;Pr\\u00f3ximo&quot;,&quot;step_previous_label&quot;:&quot;Anterior&quot;,&quot;button_width&quot;:&quot;100&quot;,&quot;step_type&quot;:&quot;number_text&quot;,&quot;step_icon_shape&quot;:&quot;circle&quot;}\" data-widget_type=\"form.default\">\n\t\t\t\t<div class=\"elementor-widget-container\">\n\t\t\t\t\t\t\t<form class=\"elementor-form\" method=\"post\" id=\"preLancamentoOut21\" name=\"Novo formul\u00e1rio\" aria-label=\"Novo formul\u00e1rio\">\n\t\t\t<input type=\"hidden\" name=\"post_id\" value=\"2101\"\/>\n\t\t\t<input type=\"hidden\" name=\"form_id\" value=\"25f3a5f\"\/>\n\t\t\t<input type=\"hidden\" name=\"referer_title\" value=\"Login M\u00f3dulo 1 - IR\" \/>\n\n\t\t\t\t\t\t\t<input type=\"hidden\" name=\"queried_id\" value=\"2101\"\/>\n\t\t\t\n\t\t\t<div class=\"elementor-form-fields-wrapper elementor-labels-above\">\n\t\t\t\t\t\t\t\t<div class=\"elementor-field-type-text elementor-field-group elementor-column elementor-field-group-name elementor-col-100\">\n\t\t\t\t\t\t\t\t\t\t\t\t<label for=\"form-field-name\" class=\"elementor-field-label\">\n\t\t\t\t\t\t\t\tNome\t\t\t\t\t\t\t<\/label>\n\t\t\t\t\t\t\t\t\t\t\t\t\t\t<input size=\"1\" type=\"text\" name=\"form_fields[name]\" id=\"form-field-name\" class=\"elementor-field elementor-size-sm  elementor-field-textual\" placeholder=\"Nome\">\n\t\t\t\t\t\t\t\t\t\t\t<\/div>\n\t\t\t\t\t\t\t\t<div class=\"elementor-field-type-email elementor-field-group elementor-column elementor-field-group-email elementor-col-100 elementor-field-required\">\n\t\t\t\t\t\t\t\t\t\t\t\t<label for=\"form-field-email\" class=\"elementor-field-label\">\n\t\t\t\t\t\t\t\tE-mail\t\t\t\t\t\t\t<\/label>\n\t\t\t\t\t\t\t\t\t\t\t\t\t\t<input size=\"1\" type=\"email\" name=\"form_fields[email]\" id=\"form-field-email\" class=\"elementor-field elementor-size-sm  elementor-field-textual\" placeholder=\"E-mail\" required=\"required\">\n\t\t\t\t\t\t\t\t\t\t\t<\/div>\n\t\t\t\t\t\t\t\t<div class=\"elementor-field-type-hidden elementor-field-group elementor-column elementor-field-group-tag elementor-col-100\">\n\t\t\t\t\t\t\t\t\t\t\t\t\t<input size=\"1\" type=\"hidden\" name=\"form_fields[tag]\" id=\"form-field-tag\" class=\"elementor-field elementor-size-sm  elementor-field-textual\" value=\"curso-ir-acessou-modulo-1\">\n\t\t\t\t\t\t\t\t\t\t\t<\/div>\n\t\t\t\t\t\t\t\t<div class=\"elementor-field-group elementor-column elementor-field-type-submit elementor-col-100 e-form__buttons\">\n\t\t\t\t\t<button class=\"elementor-button elementor-size-lg elementor-animation-grow\" type=\"submit\">\n\t\t\t\t\t\t<span class=\"elementor-button-content-wrapper\">\n\t\t\t\t\t\t\t\t\t\t\t\t\t\t\t\t\t\t\t\t\t\t<span class=\"elementor-button-text\">ACESSAR PLATAFORMA<\/span>\n\t\t\t\t\t\t\t\t\t\t\t\t\t<\/span>\n\t\t\t\t\t<\/button>\n\t\t\t\t<\/div>\n\t\t\t<\/div>\n\t\t<\/form>\n\t\t\t\t\t\t<\/div>\n\t\t\t\t<\/div>\n\t\t\t\t\t<\/div>\n\t\t<\/div>\n\t\t\t\t\t<\/div>\n\t\t<\/section>\n\t\t\t\t<\/div>\n\t\t","protected":false},"excerpt":{"rendered":"<p>PLATAFORMA EXCLUSIVA Insira nos campos abaixo seu Nome e E-mail para entrar na plataforma exclusiva e conseguir ter acesso\u00a0\u00e0s aulas do Voc\u00ea Declara, o Le\u00e3o Acalma<\/p>\n","protected":false},"author":9,"featured_media":0,"parent":0,"menu_order":0,"comment_status":"closed","ping_status":"closed","template":"elementor_canvas","meta":{"_acf_changed":false,"footnotes":""},"class_list":["post-2101","page","type-page","status-publish","hentry"],"acf":[],"_links":{"self":[{"href":"https:\/\/clubedovalor.com.br\/ir\/wp-json\/wp\/v2\/pages\/2101","targetHints":{"allow":["GET"]}}],"collection":[{"href":"https:\/\/clubedovalor.com.br\/ir\/wp-json\/wp\/v2\/pages"}],"about":[{"href":"https:\/\/clubedovalor.com.br\/ir\/wp-json\/wp\/v2\/types\/page"}],"author":[{"embeddable":true,"href":"https:\/\/clubedovalor.com.br\/ir\/wp-json\/wp\/v2\/users\/9"}],"replies":[{"embeddable":true,"href":"https:\/\/clubedovalor.com.br\/ir\/wp-json\/wp\/v2\/comments?post=2101"}],"version-history":[{"count":22,"href":"https:\/\/clubedovalor.com.br\/ir\/wp-json\/wp\/v2\/pages\/2101\/revisions"}],"predecessor-version":[{"id":2876,"href":"https:\/\/clubedovalor.com.br\/ir\/wp-json\/wp\/v2\/pages\/2101\/revisions\/2876"}],"wp:attachment":[{"href":"https:\/\/clubedovalor.com.br\/ir\/wp-json\/wp\/v2\/media?parent=2101"}],"curies":[{"name":"wp","href":"https:\/\/api.w.org\/{rel}","templated":true}]}}